{"id":4058,"date":"2023-03-17T18:18:32","date_gmt":"2023-03-17T18:18:32","guid":{"rendered":"https:\/\/www.rentautomax.com\/?page_id=4058"},"modified":"2023-03-17T19:14:43","modified_gmt":"2023-03-17T19:14:43","slug":"contactez-nous","status":"publish","type":"page","link":"https:\/\/www.rentautomax.com\/en\/contactez-nous\/","title":{"rendered":"FORM"},"content":{"rendered":"<div data-elementor-type=\"wp-page\" data-elementor-id=\"4058\" class=\"elementor elementor-4058\">\n\t\t\t\t\t\t<div class=\"elementor-inner\">\n\t\t\t\t<div class=\"elementor-section-wrap\">\n\t\t\t\t\t\t\t\t\t<section class=\"elementor-section elementor-top-section elementor-element elementor-element-d2f0cde elementor-section-boxed elementor-section-height-default elementor-section-height-default\" data-id=\"d2f0cde\" data-element_type=\"section\">\n\t\t\t\t\t\t<div class=\"elementor-container elementor-column-gap-default\">\n\t\t\t\t\t\t\t<div class=\"elementor-row\">\n\t\t\t\t\t<div class=\"elementor-column elementor-col-100 elementor-top-column elementor-element elementor-element-07ed63b\" data-id=\"07ed63b\" data-element_type=\"column\">\n\t\t\t<div class=\"elementor-column-wrap elementor-element-populated\">\n\t\t\t\t\t\t\t<div class=\"elementor-widget-wrap\">\n\t\t\t\t\t\t<div class=\"elementor-element elementor-element-1a65d1e elementor-absolute elementor-widget elementor-widget-image\" data-id=\"1a65d1e\" data-element_type=\"widget\" data-settings=\"{&quot;_position&quot;:&quot;absolute&quot;}\" data-widget_type=\"image.default\">\n\t\t\t\t<div class=\"elementor-widget-container\">\n\t\t\t\t\t\t\t\t<div class=\"elementor-image\">\n\t\t\t\t\t\t\t\t\t\t\t\t<img loading=\"lazy\" decoding=\"async\" width=\"1021\" height=\"1022\" src=\"https:\/\/www.rentautomax.com\/wp-content\/uploads\/2020\/07\/contact-bg.png\" class=\"attachment-large size-large wp-image-3266\" alt=\"\" srcset=\"https:\/\/www.rentautomax.com\/wp-content\/uploads\/2020\/07\/contact-bg.png 1021w, https:\/\/www.rentautomax.com\/wp-content\/uploads\/2020\/07\/contact-bg-300x300.png 300w, https:\/\/www.rentautomax.com\/wp-content\/uploads\/2020\/07\/contact-bg-100x100.png 100w, https:\/\/www.rentautomax.com\/wp-content\/uploads\/2020\/07\/contact-bg-600x601.png 600w, https:\/\/www.rentautomax.com\/wp-content\/uploads\/2020\/07\/contact-bg-150x150.png 150w, https:\/\/www.rentautomax.com\/wp-content\/uploads\/2020\/07\/contact-bg-768x769.png 768w\" sizes=\"auto, (max-width: 1021px) 100vw, 1021px\" \/>\t\t\t\t\t\t\t\t\t\t\t\t\t\t<\/div>\n\t\t\t\t\t\t<\/div>\n\t\t\t\t<\/div>\n\t\t\t\t<div class=\"elementor-element elementor-element-c04be79 elementor-widget elementor-widget-wpforms\" data-id=\"c04be79\" data-element_type=\"widget\" data-widget_type=\"wpforms.default\">\n\t\t\t\t<div class=\"elementor-widget-container\">\n\t\t\t<div class=\"wpforms-container wpforms-container-full\" id=\"wpforms-3617\"><form id=\"wpforms-form-3617\" class=\"wpforms-validate wpforms-form wpforms-ajax-form\" data-formid=\"3617\" method=\"post\" enctype=\"multipart\/form-data\" action=\"\/en\/wp-json\/wp\/v2\/pages\/4058\" data-token=\"5e461520865c4e27bc9c24da134fe329\" data-trp-original-action=\"\/en\/wp-json\/wp\/v2\/pages\/4058\"><noscript class=\"wpforms-error-noscript\">Please enable JavaScript in your browser to complete this form.<\/noscript><div class=\"wpforms-field-container\"><div id=\"wpforms-3617-field_0-container\" class=\"wpforms-field wpforms-field-name\" data-field-id=\"0\"><label class=\"wpforms-field-label\" for=\"wpforms-3617-field_0\">Name <span class=\"wpforms-required-label\">*<\/span><\/label><div class=\"wpforms-field-row wpforms-field-medium\"><div class=\"wpforms-field-row-block wpforms-first wpforms-one-half\"><input type=\"text\" id=\"wpforms-3617-field_0\" class=\"wpforms-field-name-first wpforms-field-required\" name=\"wpforms[fields][0][first]\" required><label for=\"wpforms-3617-field_0\" class=\"wpforms-field-sublabel after\">First<\/label><\/div><div class=\"wpforms-field-row-block wpforms-one-half\"><input type=\"text\" id=\"wpforms-3617-field_0-last\" class=\"wpforms-field-name-last wpforms-field-required\" name=\"wpforms[fields][0][last]\" required><label for=\"wpforms-3617-field_0-last\" class=\"wpforms-field-sublabel after\">Last<\/label><\/div><\/div><\/div><div id=\"wpforms-3617-field_1-container\" class=\"wpforms-field wpforms-field-email\" data-field-id=\"1\"><label class=\"wpforms-field-label\" for=\"wpforms-3617-field_1\">E-Mail <span class=\"wpforms-required-label\">*<\/span><\/label><input type=\"email\" id=\"wpforms-3617-field_1\" class=\"wpforms-field-medium wpforms-field-required\" name=\"wpforms[fields][1]\" spellcheck=\"false\" required><\/div><div id=\"wpforms-3617-field_3-container\" class=\"wpforms-field wpforms-field-select wpforms-field-select-style-classic\" data-field-id=\"3\"><label class=\"wpforms-field-label\" for=\"wpforms-3617-field_3\">Objet<\/label><select id=\"wpforms-3617-field_3\" class=\"wpforms-field-medium\" name=\"wpforms[fields][3]\"><option value=\"Demande pour location de 1 \u00e0 3 jours\"  selected='selected'>Request for 1 to 3 days rental<\/option><option value=\"Demande de Location pour 1 Mois et Plus\" >Rental Request for 1 Month or More<\/option><option value=\"Je souhaite payer sur place\" >I would like to pay on the spot<\/option><option value=\"J&#039;ai un code Promo\" >I have a promo code<\/option><option value=\"Autre\" >Other<\/option><\/select><\/div><div id=\"wpforms-3617-field_2-container\" class=\"wpforms-field wpforms-field-textarea\" data-field-id=\"2\"><label class=\"wpforms-field-label\" for=\"wpforms-3617-field_2\">Message <span class=\"wpforms-required-label\">*<\/span><\/label><textarea id=\"wpforms-3617-field_2\" class=\"wpforms-field-medium wpforms-field-required\" name=\"wpforms[fields][2]\" required><\/textarea><\/div><\/div><!-- .wpforms-field-container --><input type=\"hidden\" name=\"wpforms[recaptcha]\" value=\"\"><div class=\"wpforms-submit-container\" ><input type=\"hidden\" name=\"wpforms[id]\" value=\"3617\"><input type=\"hidden\" name=\"wpforms[author]\" value=\"1\"><button type=\"submit\" name=\"wpforms[submit]\" id=\"wpforms-submit-3617\" class=\"wpforms-submit\" data-alt-text=\"Envoi...\" data-submit-text=\"Envoyer\" aria-live=\"assertive\" value=\"wpforms-submit\">Send<\/button><img loading=\"lazy\" decoding=\"async\" src=\"https:\/\/www.rentautomax.com\/wp-content\/plugins\/wpforms-lite\/assets\/images\/submit-spin.svg\" class=\"wpforms-submit-spinner\" style=\"display: none;\" width=\"26\" height=\"26\" alt=\"Loading\"><\/div><input type=\"hidden\" name=\"trp-form-language\" value=\"en\"\/><\/form><\/div>  <!-- .wpforms-container -->\t\t<\/div>\n\t\t\t\t<\/div>\n\t\t\t\t\t\t<\/div>\n\t\t\t\t\t<\/div>\n\t\t<\/div>\n\t\t\t\t\t\t\t\t<\/div>\n\t\t\t\t\t<\/div>\n\t\t<\/section>\n\t\t\t\t<section class=\"elementor-section elementor-top-section elementor-element elementor-element-8b33c08 elementor-section-boxed elementor-section-height-default elementor-section-height-default\" data-id=\"8b33c08\" data-element_type=\"section\">\n\t\t\t\t\t\t<div class=\"elementor-container elementor-column-gap-default\">\n\t\t\t\t\t\t\t<div class=\"elementor-row\">\n\t\t\t\t\t<div class=\"elementor-column elementor-col-100 elementor-top-column elementor-element elementor-element-b2f83dd\" data-id=\"b2f83dd\" data-element_type=\"column\">\n\t\t\t<div class=\"elementor-column-wrap elementor-element-populated\">\n\t\t\t\t\t\t\t<div class=\"elementor-widget-wrap\">\n\t\t\t\t\t\t<div class=\"elementor-element elementor-element-4495c10 elementor-absolute elementor-widget elementor-widget-image\" data-id=\"4495c10\" data-element_type=\"widget\" data-settings=\"{&quot;_position&quot;:&quot;absolute&quot;}\" data-widget_type=\"image.default\">\n\t\t\t\t<div class=\"elementor-widget-container\">\n\t\t\t\t\t\t\t\t<div class=\"elementor-image\">\n\t\t\t\t\t\t\t\t\t\t\t\t<img loading=\"lazy\" decoding=\"async\" width=\"1021\" height=\"1022\" src=\"https:\/\/www.rentautomax.com\/wp-content\/uploads\/2020\/07\/contact-bg.png\" class=\"attachment-large size-large wp-image-3266\" alt=\"\" srcset=\"https:\/\/www.rentautomax.com\/wp-content\/uploads\/2020\/07\/contact-bg.png 1021w, https:\/\/www.rentautomax.com\/wp-content\/uploads\/2020\/07\/contact-bg-300x300.png 300w, https:\/\/www.rentautomax.com\/wp-content\/uploads\/2020\/07\/contact-bg-100x100.png 100w, https:\/\/www.rentautomax.com\/wp-content\/uploads\/2020\/07\/contact-bg-600x601.png 600w, https:\/\/www.rentautomax.com\/wp-content\/uploads\/2020\/07\/contact-bg-150x150.png 150w, https:\/\/www.rentautomax.com\/wp-content\/uploads\/2020\/07\/contact-bg-768x769.png 768w\" sizes=\"auto, (max-width: 1021px) 100vw, 1021px\" \/>\t\t\t\t\t\t\t\t\t\t\t\t\t\t<\/div>\n\t\t\t\t\t\t<\/div>\n\t\t\t\t<\/div>\n\t\t\t\t\t\t<\/div>\n\t\t\t\t\t<\/div>\n\t\t<\/div>\n\t\t\t\t\t\t\t\t<\/div>\n\t\t\t\t\t<\/div>\n\t\t<\/section>\n\t\t\t\t<section class=\"elementor-section elementor-top-section elementor-element elementor-element-51ad358c elementor-section-full_width elementor-section-content-middle elementor-reverse-tablet elementor-reverse-mobile elementor-section-height-default elementor-section-height-default\" data-id=\"51ad358c\" data-element_type=\"section\">\n\t\t\t\t\t\t<div class=\"elementor-container elementor-column-gap-no\">\n\t\t\t\t\t\t\t<div class=\"elementor-row\">\n\t\t\t\t\t<div class=\"elementor-column elementor-col-25 elementor-top-column elementor-element elementor-element-5b9eab67\" data-id=\"5b9eab67\" data-element_type=\"column\">\n\t\t\t<div class=\"elementor-column-wrap elementor-element-populated\">\n\t\t\t\t\t\t\t<div class=\"elementor-widget-wrap\">\n\t\t\t\t\t\t<div class=\"elementor-element elementor-element-f38e071 elementor-widget elementor-widget-image\" data-id=\"f38e071\" data-element_type=\"widget\" data-widget_type=\"image.default\">\n\t\t\t\t<div class=\"elementor-widget-container\">\n\t\t\t\t\t\t\t\t<div class=\"elementor-image\">\n\t\t\t\t\t\t\t\t\t\t\t\t<img loading=\"lazy\" decoding=\"async\" width=\"350\" height=\"266\" src=\"https:\/\/www.rentautomax.com\/wp-content\/uploads\/2020\/07\/vehicle-01.jpg\" class=\"attachment-large size-large wp-image-3264\" alt=\"\" srcset=\"https:\/\/www.rentautomax.com\/wp-content\/uploads\/2020\/07\/vehicle-01.jpg 350w, https:\/\/www.rentautomax.com\/wp-content\/uploads\/2020\/07\/vehicle-01-300x228.jpg 300w\" sizes=\"auto, (max-width: 350px) 100vw, 350px\" \/>\t\t\t\t\t\t\t\t\t\t\t\t\t\t<\/div>\n\t\t\t\t\t\t<\/div>\n\t\t\t\t<\/div>\n\t\t\t\t<div class=\"elementor-element elementor-element-35f95dd0 elementor-widget elementor-widget-image\" data-id=\"35f95dd0\" data-element_type=\"widget\" data-widget_type=\"image.default\">\n\t\t\t\t<div class=\"elementor-widget-container\">\n\t\t\t\t\t\t\t\t<div class=\"elementor-image\">\n\t\t\t\t\t\t\t\t\t\t\t\t<img loading=\"lazy\" decoding=\"async\" width=\"1024\" height=\"683\" src=\"https:\/\/www.rentautomax.com\/wp-content\/uploads\/2023\/03\/young-woman-traveler-taking-a-photo-at-the-beach-w-2022-05-03-23-16-23-utc-1-1024x683.jpeg\" class=\"attachment-large size-large wp-image-3568\" alt=\"\" srcset=\"https:\/\/www.rentautomax.com\/wp-content\/uploads\/2023\/03\/young-woman-traveler-taking-a-photo-at-the-beach-w-2022-05-03-23-16-23-utc-1-1024x683.jpeg 1024w, https:\/\/www.rentautomax.com\/wp-content\/uploads\/2023\/03\/young-woman-traveler-taking-a-photo-at-the-beach-w-2022-05-03-23-16-23-utc-1-300x200.jpeg 300w, https:\/\/www.rentautomax.com\/wp-content\/uploads\/2023\/03\/young-woman-traveler-taking-a-photo-at-the-beach-w-2022-05-03-23-16-23-utc-1-768x512.jpeg 768w, https:\/\/www.rentautomax.com\/wp-content\/uploads\/2023\/03\/young-woman-traveler-taking-a-photo-at-the-beach-w-2022-05-03-23-16-23-utc-1-1536x1024.jpeg 1536w, https:\/\/www.rentautomax.com\/wp-content\/uploads\/2023\/03\/young-woman-traveler-taking-a-photo-at-the-beach-w-2022-05-03-23-16-23-utc-1-2048x1365.jpeg 2048w, https:\/\/www.rentautomax.com\/wp-content\/uploads\/2023\/03\/young-woman-traveler-taking-a-photo-at-the-beach-w-2022-05-03-23-16-23-utc-1-18x12.jpeg 18w, https:\/\/www.rentautomax.com\/wp-content\/uploads\/2023\/03\/young-woman-traveler-taking-a-photo-at-the-beach-w-2022-05-03-23-16-23-utc-1-480x320.jpeg 480w, https:\/\/www.rentautomax.com\/wp-content\/uploads\/2023\/03\/young-woman-traveler-taking-a-photo-at-the-beach-w-2022-05-03-23-16-23-utc-1-720x480.jpeg 720w, https:\/\/www.rentautomax.com\/wp-content\/uploads\/2023\/03\/young-woman-traveler-taking-a-photo-at-the-beach-w-2022-05-03-23-16-23-utc-1-250x167.jpeg 250w, https:\/\/www.rentautomax.com\/wp-content\/uploads\/2023\/03\/young-woman-traveler-taking-a-photo-at-the-beach-w-2022-05-03-23-16-23-utc-1-375x250.jpeg 375w, https:\/\/www.rentautomax.com\/wp-content\/uploads\/2023\/03\/young-woman-traveler-taking-a-photo-at-the-beach-w-2022-05-03-23-16-23-utc-1-150x100.jpeg 150w, https:\/\/www.rentautomax.com\/wp-content\/uploads\/2023\/03\/young-woman-traveler-taking-a-photo-at-the-beach-w-2022-05-03-23-16-23-utc-1-605x403.jpeg 605w\" sizes=\"auto, (max-width: 1024px) 100vw, 1024px\" \/>\t\t\t\t\t\t\t\t\t\t\t\t\t\t<\/div>\n\t\t\t\t\t\t<\/div>\n\t\t\t\t<\/div>\n\t\t\t\t\t\t<\/div>\n\t\t\t\t\t<\/div>\n\t\t<\/div>\n\t\t\t\t<div class=\"elementor-column elementor-col-25 elementor-top-column elementor-element elementor-element-761c136\" data-id=\"761c136\" data-element_type=\"column\">\n\t\t\t<div class=\"elementor-column-wrap elementor-element-populated\">\n\t\t\t\t\t\t\t<div class=\"elementor-widget-wrap\">\n\t\t\t\t\t\t<div class=\"elementor-element elementor-element-76121ed3 elementor-widget elementor-widget-image\" data-id=\"76121ed3\" data-element_type=\"widget\" data-widget_type=\"image.default\">\n\t\t\t\t<div class=\"elementor-widget-container\">\n\t\t\t\t\t\t\t\t<div class=\"elementor-image\">\n\t\t\t\t\t\t\t\t\t\t\t\t<img loading=\"lazy\" decoding=\"async\" width=\"1024\" height=\"683\" src=\"https:\/\/www.rentautomax.com\/wp-content\/uploads\/2023\/03\/Femme-dans-une-voiture-1024x683.jpeg\" class=\"attachment-large size-large wp-image-3562\" alt=\"\" srcset=\"https:\/\/www.rentautomax.com\/wp-content\/uploads\/2023\/03\/Femme-dans-une-voiture-1024x683.jpeg 1024w, https:\/\/www.rentautomax.com\/wp-content\/uploads\/2023\/03\/Femme-dans-une-voiture-300x200.jpeg 300w, https:\/\/www.rentautomax.com\/wp-content\/uploads\/2023\/03\/Femme-dans-une-voiture-768x512.jpeg 768w, https:\/\/www.rentautomax.com\/wp-content\/uploads\/2023\/03\/Femme-dans-une-voiture-1536x1025.jpeg 1536w, https:\/\/www.rentautomax.com\/wp-content\/uploads\/2023\/03\/Femme-dans-une-voiture-2048x1366.jpeg 2048w, https:\/\/www.rentautomax.com\/wp-content\/uploads\/2023\/03\/Femme-dans-une-voiture-18x12.jpeg 18w, https:\/\/www.rentautomax.com\/wp-content\/uploads\/2023\/03\/Femme-dans-une-voiture-480x320.jpeg 480w, https:\/\/www.rentautomax.com\/wp-content\/uploads\/2023\/03\/Femme-dans-une-voiture-720x480.jpeg 720w, https:\/\/www.rentautomax.com\/wp-content\/uploads\/2023\/03\/Femme-dans-une-voiture-250x167.jpeg 250w, https:\/\/www.rentautomax.com\/wp-content\/uploads\/2023\/03\/Femme-dans-une-voiture-375x250.jpeg 375w, https:\/\/www.rentautomax.com\/wp-content\/uploads\/2023\/03\/Femme-dans-une-voiture-150x100.jpeg 150w, https:\/\/www.rentautomax.com\/wp-content\/uploads\/2023\/03\/Femme-dans-une-voiture-605x403.jpeg 605w\" sizes=\"auto, (max-width: 1024px) 100vw, 1024px\" \/>\t\t\t\t\t\t\t\t\t\t\t\t\t\t<\/div>\n\t\t\t\t\t\t<\/div>\n\t\t\t\t<\/div>\n\t\t\t\t<div class=\"elementor-element elementor-element-2843aa6f elementor-widget elementor-widget-image\" data-id=\"2843aa6f\" data-element_type=\"widget\" data-widget_type=\"image.default\">\n\t\t\t\t<div class=\"elementor-widget-container\">\n\t\t\t\t\t\t\t\t<div class=\"elementor-image\">\n\t\t\t\t\t\t\t\t\t\t\t\t<img loading=\"lazy\" decoding=\"async\" width=\"1024\" height=\"585\" src=\"https:\/\/www.rentautomax.com\/wp-content\/uploads\/2023\/02\/Sans-titre-1080-\u00d7-600-px-1050-\u00d7-600-px-1-1024x585.jpeg\" class=\"attachment-large size-large wp-image-2929\" alt=\"\" srcset=\"https:\/\/www.rentautomax.com\/wp-content\/uploads\/2023\/02\/Sans-titre-1080-\u00d7-600-px-1050-\u00d7-600-px-1-1024x585.jpeg 1024w, https:\/\/www.rentautomax.com\/wp-content\/uploads\/2023\/02\/Sans-titre-1080-\u00d7-600-px-1050-\u00d7-600-px-1-300x171.jpeg 300w, https:\/\/www.rentautomax.com\/wp-content\/uploads\/2023\/02\/Sans-titre-1080-\u00d7-600-px-1050-\u00d7-600-px-1-768x439.jpeg 768w, https:\/\/www.rentautomax.com\/wp-content\/uploads\/2023\/02\/Sans-titre-1080-\u00d7-600-px-1050-\u00d7-600-px-1-18x10.jpeg 18w, https:\/\/www.rentautomax.com\/wp-content\/uploads\/2023\/02\/Sans-titre-1080-\u00d7-600-px-1050-\u00d7-600-px-1.jpeg 1050w\" sizes=\"auto, (max-width: 1024px) 100vw, 1024px\" \/>\t\t\t\t\t\t\t\t\t\t\t\t\t\t<\/div>\n\t\t\t\t\t\t<\/div>\n\t\t\t\t<\/div>\n\t\t\t\t\t\t<\/div>\n\t\t\t\t\t<\/div>\n\t\t<\/div>\n\t\t\t\t<div class=\"elementor-column elementor-col-50 elementor-top-column elementor-element elementor-element-35f10d56\" data-id=\"35f10d56\" data-element_type=\"column\">\n\t\t\t<div class=\"elementor-column-wrap elementor-element-populated\">\n\t\t\t\t\t\t\t<div class=\"elementor-widget-wrap\">\n\t\t\t\t\t\t<div class=\"elementor-element elementor-element-54d379da elementor-widget elementor-widget-heading\" data-id=\"54d379da\" data-element_type=\"widget\" data-widget_type=\"heading.default\">\n\t\t\t\t<div class=\"elementor-widget-container\">\n\t\t\t<h3 class=\"elementor-heading-title elementor-size-default\">Need more information?<\/h3>\t\t<\/div>\n\t\t\t\t<\/div>\n\t\t\t\t<div class=\"elementor-element elementor-element-4c67a913 elementor-widget elementor-widget-text-editor\" data-id=\"4c67a913\" data-element_type=\"widget\" data-widget_type=\"text-editor.default\">\n\t\t\t\t<div class=\"elementor-widget-container\">\n\t\t\t\t\t\t\t\t<div class=\"elementor-text-editor elementor-clearfix\">\n\t\t\t\t<p>We are happy to help you!<\/p>\t\t\t\t\t<\/div>\n\t\t\t\t\t\t<\/div>\n\t\t\t\t<\/div>\n\t\t\t\t\t\t<\/div>\n\t\t\t\t\t<\/div>\n\t\t<\/div>\n\t\t\t\t\t\t\t\t<\/div>\n\t\t\t\t\t<\/div>\n\t\t<\/section>\n\t\t\t\t<section class=\"elementor-section elementor-top-section elementor-element elementor-element-736f2c6c elementor-section-content-middle elementor-reverse-tablet elementor-reverse-mobile elementor-section-boxed elementor-section-height-default elementor-section-height-default\" data-id=\"736f2c6c\" data-element_type=\"section\">\n\t\t\t\t\t\t<div class=\"elementor-container elementor-column-gap-no\">\n\t\t\t\t\t\t\t<div class=\"elementor-row\">\n\t\t\t\t\t<div class=\"elementor-column elementor-col-100 elementor-top-column elementor-element elementor-element-73ec5df\" data-id=\"73ec5df\" data-element_type=\"column\">\n\t\t\t<div class=\"elementor-column-wrap elementor-element-populated\">\n\t\t\t\t\t\t\t<div class=\"elementor-widget-wrap\">\n\t\t\t\t\t\t<div class=\"elementor-element elementor-element-28d676d9 elementor-widget elementor-widget-heading\" data-id=\"28d676d9\" data-element_type=\"widget\" data-widget_type=\"heading.default\">\n\t\t\t\t<div class=\"elementor-widget-container\">\n\t\t\t<h3 class=\"elementor-heading-title elementor-size-default\">Book directly online<\/h3>\t\t<\/div>\n\t\t\t\t<\/div>\n\t\t\t\t<div class=\"elementor-element elementor-element-1a44436a elementor-widget elementor-widget-text-editor\" data-id=\"1a44436a\" data-element_type=\"widget\" data-widget_type=\"text-editor.default\">\n\t\t\t\t<div class=\"elementor-widget-container\">\n\t\t\t\t\t\t\t\t<div class=\"elementor-text-editor elementor-clearfix\">\n\t\t\t\t<p>And receive your confirmation number directly by e-mail!<\/p>\t\t\t\t\t<\/div>\n\t\t\t\t\t\t<\/div>\n\t\t\t\t<\/div>\n\t\t\t\t<div class=\"elementor-element elementor-element-5799ed82 elementor-align-center elementor-mobile-align-center elementor-widget elementor-widget-button\" data-id=\"5799ed82\" data-element_type=\"widget\" data-widget_type=\"button.default\">\n\t\t\t\t<div class=\"elementor-widget-container\">\n\t\t\t\t\t<div class=\"elementor-button-wrapper\">\n\t\t\t<a class=\"elementor-button elementor-button-link elementor-size-sm\" href=\"https:\/\/www.rentautomax.com\/en\/our-cars-nos-voitures-automax\/\">\n\t\t\t\t\t\t<span class=\"elementor-button-content-wrapper\">\n\t\t\t\t\t\t<span class=\"elementor-button-text\">BOOK NOW<\/span>\n\t\t<\/span>\n\t\t\t\t\t<\/a>\n\t\t<\/div>\n\t\t\t\t<\/div>\n\t\t\t\t<\/div>\n\t\t\t\t\t\t<\/div>\n\t\t\t\t\t<\/div>\n\t\t<\/div>\n\t\t\t\t\t\t\t\t<\/div>\n\t\t\t\t\t<\/div>\n\t\t<\/section>\n\t\t\t\t\t\t\t\t\t<\/div>\n\t\t\t<\/div>\n\t\t\t\t\t<\/div>","protected":false},"excerpt":{"rendered":"<p>Besoin d'informations? Nous sommes ravis de pouvoir vous aider! R\u00e9servez directement en ligne Et recevez votre num\u00e9ro de confirmation directement par E-mail! Je r\u00e9serve<\/p>","protected":false},"author":1,"featured_media":0,"parent":0,"menu_order":0,"comment_status":"closed","ping_status":"closed","template":"","meta":{"footnotes":""},"class_list":["post-4058","page","type-page","status-publish","hentry"],"_links":{"self":[{"href":"https:\/\/www.rentautomax.com\/en\/wp-json\/wp\/v2\/pages\/4058","targetHints":{"allow":["GET"]}}],"collection":[{"href":"https:\/\/www.rentautomax.com\/en\/wp-json\/wp\/v2\/pages"}],"about":[{"href":"https:\/\/www.rentautomax.com\/en\/wp-json\/wp\/v2\/types\/page"}],"author":[{"embeddable":true,"href":"https:\/\/www.rentautomax.com\/en\/wp-json\/wp\/v2\/users\/1"}],"replies":[{"embeddable":true,"href":"https:\/\/www.rentautomax.com\/en\/wp-json\/wp\/v2\/comments?post=4058"}],"version-history":[{"count":42,"href":"https:\/\/www.rentautomax.com\/en\/wp-json\/wp\/v2\/pages\/4058\/revisions"}],"predecessor-version":[{"id":4121,"href":"https:\/\/www.rentautomax.com\/en\/wp-json\/wp\/v2\/pages\/4058\/revisions\/4121"}],"wp:attachment":[{"href":"https:\/\/www.rentautomax.com\/en\/wp-json\/wp\/v2\/media?parent=4058"}],"curies":[{"name":"wp","href":"https:\/\/api.w.org\/{rel}","templated":true}]}}