{"id":3381,"date":"2023-01-24T22:07:34","date_gmt":"2023-01-24T22:07:34","guid":{"rendered":"https:\/\/www.escale-location-voiture.com\/conditions-de-location\/"},"modified":"2023-03-21T14:20:22","modified_gmt":"2023-03-21T14:20:22","slug":"conditions-de-location","status":"publish","type":"page","link":"https:\/\/www.rentautomax.com\/en\/conditions-de-location\/","title":{"rendered":"Rental conditions"},"content":{"rendered":"<div data-elementor-type=\"wp-page\" data-elementor-id=\"3381\" class=\"elementor elementor-3381\">\n\t\t\t\t\t\t<div class=\"elementor-inner\">\n\t\t\t\t<div class=\"elementor-section-wrap\">\n\t\t\t\t\t\t\t\t\t<section class=\"elementor-section elementor-top-section elementor-element elementor-element-e236ab4 elementor-section-boxed elementor-section-height-default elementor-section-height-default\" data-id=\"e236ab4\" data-element_type=\"section\">\n\t\t\t\t\t\t<div class=\"elementor-container elementor-column-gap-default\">\n\t\t\t\t\t\t\t<div class=\"elementor-row\">\n\t\t\t\t\t<div class=\"elementor-column elementor-col-100 elementor-top-column elementor-element elementor-element-ac0a279\" data-id=\"ac0a279\" data-element_type=\"column\">\n\t\t\t<div class=\"elementor-column-wrap elementor-element-populated\">\n\t\t\t\t\t\t\t<div class=\"elementor-widget-wrap\">\n\t\t\t\t\t\t<div class=\"elementor-element elementor-element-c99f0e1 elementor-widget elementor-widget-text-editor\" data-id=\"c99f0e1\" data-element_type=\"widget\" data-widget_type=\"text-editor.default\">\n\t\t\t\t<div class=\"elementor-widget-container\">\n\t\t\t\t\t\t\t\t<div class=\"elementor-text-editor elementor-clearfix\">\n\t\t\t\t<p>Rental conditions<\/p><p>Le locataire autoris\u00e9 par Automax Car rental et inscrit sur le contrat de location doit \u00eatre titulaire du permis de conduire et d'une carte bancaire.<\/p><p>L' \u00e2ge minimum pour la location est de 21 ans et 2 ans de permis.<\/p><p>The contract is personal and non-transferable and is concluded for a defined period.<\/p><p>Le locataire et les conducteurs autoris\u00e9s sont responsables de la bonne ex\u00e9cution du contrat selon l'article 1384 du code civil.<\/p><p>Nos tarifs s'entendent kilom\u00e9trage illimit\u00e9 et assurance tous risques compris avec franchise de 1300 Euros\u00a0.<\/p><p>For a comprehensive insurance without deductible, please consult <a href=\"https:\/\/www.rentautomax.com\/en\/faq\/\">FAQ<\/a><\/p><p>Fuel is at the customer's expense.<\/p><h2 style=\"color: #545454;\">Book a car<\/h2><p style=\"color: #545454; font-family: Lato;\">Vehicle reservations are made in a 24-hour format.<\/p><p style=\"color: #545454; font-family: Lato;\">Please check your Departure and Return Times and Dates, if the times are not correct and if necessary, the difference in price will be charged.<\/p><p style=\"color: #545454; font-family: Lato;\">We reserve the right to cancel any reservation.<\/p><p style=\"color: #545454; font-family: Lato;\">If we have not received a cancellation by email on the scheduled delivery day and no one takes possession of the reserved vehicle, the total amount of the rental will be charged by V.A.D<\/p><h2 style=\"color: #545454;\">Refund<\/h2><p style=\"color: #545454; font-family: Lato;\">It is possible to get a refund 15 days before your departure date.<\/p><p style=\"color: #545454; font-family: Lato;\">To do so, a simple e-mail to the following address: infos@rentautomax.com<\/p><p style=\"color: #545454; font-family: Lato;\">However, 10% of the inter-bank transaction fees will be withheld from the amount.<\/p>\t\t\t\t\t<\/div>\n\t\t\t\t\t\t<\/div>\n\t\t\t\t<\/div>\n\t\t\t\t\t\t<\/div>\n\t\t\t\t\t<\/div>\n\t\t<\/div>\n\t\t\t\t\t\t\t\t<\/div>\n\t\t\t\t\t<\/div>\n\t\t<\/section>\n\t\t\t\t\t\t\t\t\t<\/div>\n\t\t\t<\/div>\n\t\t\t\t\t<\/div>","protected":false},"excerpt":{"rendered":"<p>Conditions de location Le locataire autoris\u00e9 par Automax Car rental et inscrit sur le contrat de location doit \u00eatre titulaire du permis de conduire et d'une carte bancaire. L' \u00e2ge minimum pour la location est de 21 ans et 2 ans de permis. Le contrat qui est personnel et non-transf\u00e9rable est conclu pour une p\u00e9riode &hellip; <\/p>\n<p class=\"link-more\"><a href=\"https:\/\/www.rentautomax.com\/en\/conditions-de-location\/\" class=\"more-link\"><span class=\"screen-reader-text\"> prova \"Conditions de location\"<\/span><\/a><\/p>","protected":false},"author":1,"featured_media":0,"parent":0,"menu_order":0,"comment_status":"closed","ping_status":"closed","template":"","meta":{"footnotes":""},"class_list":["post-3381","page","type-page","status-publish","hentry"],"_links":{"self":[{"href":"https:\/\/www.rentautomax.com\/en\/wp-json\/wp\/v2\/pages\/3381","targetHints":{"allow":["GET"]}}],"collection":[{"href":"https:\/\/www.rentautomax.com\/en\/wp-json\/wp\/v2\/pages"}],"about":[{"href":"https:\/\/www.rentautomax.com\/en\/wp-json\/wp\/v2\/types\/page"}],"author":[{"embeddable":true,"href":"https:\/\/www.rentautomax.com\/en\/wp-json\/wp\/v2\/users\/1"}],"replies":[{"embeddable":true,"href":"https:\/\/www.rentautomax.com\/en\/wp-json\/wp\/v2\/comments?post=3381"}],"version-history":[{"count":11,"href":"https:\/\/www.rentautomax.com\/en\/wp-json\/wp\/v2\/pages\/3381\/revisions"}],"predecessor-version":[{"id":4156,"href":"https:\/\/www.rentautomax.com\/en\/wp-json\/wp\/v2\/pages\/3381\/revisions\/4156"}],"wp:attachment":[{"href":"https:\/\/www.rentautomax.com\/en\/wp-json\/wp\/v2\/media?parent=3381"}],"curies":[{"name":"wp","href":"https:\/\/api.w.org\/{rel}","templated":true}]}}