{"id":3150,"date":"2023-02-27T19:30:17","date_gmt":"2023-02-27T19:30:17","guid":{"rendered":"https:\/\/www.escale-location-voiture.com\/search\/"},"modified":"2024-05-23T21:04:57","modified_gmt":"2024-05-23T21:04:57","slug":"search-2","status":"publish","type":"page","link":"https:\/\/www.rentautomax.com\/en\/search-2\/","title":{"rendered":"Location de voiture Saint Martin"},"content":{"rendered":"<p class=\"has-text-align-center\">Welcome to AUTOMAX, <strong>car rental in Saint-Martin<\/strong>. Veuillez utiliser le code promo \"<strong>SUMMER10<\/strong>\" afin de b\u00e9n\u00e9ficier un tarif pr\u00e9f\u00e9rentiel en passant par notre site internet.<\/p>\n\n\n\n<p class=\"has-text-align-center\">Veuillez noter pour les locations de + de 3 semaines, il faudra nous contacter de pr\u00e9f\u00e9rence via le formulaire pour obtenir un tarif sp\u00e9cial!<\/p>\n\n\n\n<div class=\"wrap plugin-container\">\n\n\t\n\t\n\t<h3 class=\"vrc-main-title\">AUTOMAX<\/h3><div class=\"vrcdivsearch\"><div class=\"vrcdivsearch-inner\"><form action=\"https:\/\/www.rentautomax.com\/en\/search-2\/?option=com_vikrentcar\" method=\"post\" onsubmit=\"return vrcValidateSearch();\" data-trp-original-action=\"https:\/\/www.rentautomax.com\/en\/search-2\/?option=com_vikrentcar\">\n<input type=\"hidden\" name=\"option\" value=\"com_vikrentcar\"\/>\n<input type=\"hidden\" name=\"task\" value=\"search\"\/>\n<div class=\"vrc-searchf-section-locations\">\n<div class=\"vrcsfentrycont\"><label for=\"place\">Pickup Location<\/label><div class=\"vrcsfentryselect\"><select name=\"place\" id=\"place\"><option value=\"4\" id=\"place4\">Juliana Airport ( Dutch side)<\/option>\n<option value=\"5\" id=\"place5\">Grand case Airport ( French side)<\/option>\n<option value=\"6\" id=\"place6\">Marigot Harbor<\/option>\n<option value=\"7\" id=\"place7\">Philipsburg Harbor<\/option>\n<option value=\"8\" id=\"place8\">Hotel<\/option>\n<option value=\"9\" id=\"place9\">Other<\/option>\n<\/select><\/div><\/div>\n<div class=\"vrcsfentrycont\"><label for=\"returnplace\">Drop Off Location<\/label><div class=\"vrcsfentryselect\"><select name=\"returnplace\" id=\"returnplace\"><option value=\"4\" id=\"returnplace4\">Juliana Airport ( Dutch side)<\/option>\n<option value=\"5\" id=\"returnplace5\">Grand case Airport ( French side)<\/option>\n<option value=\"6\" id=\"returnplace6\">Marigot Harbor<\/option>\n<option value=\"7\" id=\"returnplace7\">Philipsburg Harbor<\/option>\n<option value=\"8\" id=\"returnplace8\">Hotel<\/option>\n<option value=\"9\" id=\"returnplace9\">Other<\/option>\n<\/select><\/div><\/div>\n<\/div>\n<div class=\"vrc-searchf-section-datetimes\">\n<div class=\"vrcsfentrycont\">\n\t<div class=\"vrcsfentrylabsel\">\n\t\t<label for=\"pickupdate\">Pickup Date<\/label>\n\t\t<div class=\"vrcsfentrydate\">\n\t\t\t<input type=\"text\" name=\"pickupdate\" id=\"pickupdate\" size=\"10\" autocomplete=\"off\" onfocus=\"this.blur();\" readonly><i class=\"far fa-calendar-alt vrc-caltrigger\"><\/i>\n\t\t<\/div>\n\t<\/div>\n\t<div class=\"vrcsfentrytime\">\n\t\t<label>Pickup Time<\/label>\n\t\t<div class=\"vrc-sf-time-container\">\n\t\t\t<span id=\"vrccomselph\"><select name=\"pickuph\"><option value=\"7\">07<\/option>\n<option value=\"8\">08<\/option>\n<option value=\"9\">09<\/option>\n<option value=\"10\">10<\/option>\n<option value=\"11\">11<\/option>\n<option value=\"12\">12<\/option>\n<option value=\"13\">13<\/option>\n<option value=\"14\">14<\/option>\n<option value=\"15\">15<\/option>\n<option value=\"16\">16<\/option>\n<option value=\"17\">17<\/option>\n<option value=\"18\">18<\/option>\n<option value=\"19\">19<\/option>\n<option value=\"20\">20<\/option>\n<\/select><\/span>\n\t\t\t<span class=\"vrctimesep\">:<\/span>\n\t\t\t<span id=\"vrccomselpm\"><select name=\"pickupm\"><option value=\"0\" selected=\"selected\">00<\/option>\n<option value=\"15\">15<\/option>\n<option value=\"30\">30<\/option>\n<option value=\"45\">45<\/option>\n<\/select><\/span>\n\t\t<\/div>\n\t<\/div>\n<\/div>\n<div class=\"vrcsfentrycont\">\n\t<div class=\"vrcsfentrylabsel\">\n\t\t<label for=\"releasedate\">Drop Off Date<\/label>\n\t\t<div class=\"vrcsfentrydate\">\n\t\t\t<input type=\"text\" name=\"releasedate\" id=\"releasedate\" size=\"10\" autocomplete=\"off\" onfocus=\"this.blur();\" readonly><i class=\"far fa-calendar-alt vrc-caltrigger\"><\/i>\n\t\t<\/div>\n\t<\/div>\n\t<div class=\"vrcsfentrytime\">\n\t\t<label>Drop Off Time<\/label>\n\t\t<div class=\"vrc-sf-time-container\">\n\t\t\t<span id=\"vrccomseldh\"><select name=\"releaseh\"><option value=\"7\">07<\/option>\n<option value=\"8\">08<\/option>\n<option value=\"9\">09<\/option>\n<option value=\"10\">10<\/option>\n<option value=\"11\">11<\/option>\n<option value=\"12\">12<\/option>\n<option value=\"13\">13<\/option>\n<option value=\"14\">14<\/option>\n<option value=\"15\">15<\/option>\n<option value=\"16\">16<\/option>\n<option value=\"17\">17<\/option>\n<option value=\"18\">18<\/option>\n<option value=\"19\">19<\/option>\n<option value=\"20\">20<\/option>\n<\/select><\/span>\n\t\t\t<span class=\"vrctimesep\">:<\/span>\n\t\t\t<span id=\"vrccomseldm\"><select name=\"releasem\"><option value=\"0\" selected=\"selected\">00<\/option>\n<option value=\"15\">15<\/option>\n<option value=\"30\">30<\/option>\n<option value=\"45\">45<\/option>\n<\/select><\/span>\n\t\t<\/div>\n\t<\/div>\n<\/div>\n<\/div>\n<div class=\"vrc-searchf-section-categories\"><div class=\"vrcsfentrycont\"><label for=\"vrc-categories\">Car Category<\/label><div class=\"vrcsfentryselect\"><select id=\"vrc-categories\" name=\"categories\"><option value=\"all\">Any<\/option>\n<option value=\"3\">Category A<\/option>\n<option value=\"4\">Category B<\/option>\n<option value=\"5\">Category C<\/option>\n<option value=\"6\">Category D<\/option>\n<option value=\"7\">Category E<\/option>\n<option value=\"8\">Category F<\/option>\n<\/select><\/div><\/div>\n<\/div><div class=\"vrc-searchf-section-sbmt\"><div class=\"vrcsfentrycont\"><div class=\"vrcsfentrysubmit\"><input type=\"submit\" name=\"search\" value=\"Book\" class=\"btn vrc-search-btn vrc-pref-color-btn\"\/><\/div><\/div>\n<\/div><input type=\"hidden\" name=\"trp-form-language\" value=\"en\"\/><\/div>\n<\/form><\/div>\t<script type=\"text\/javascript\">\n\tfunction vrcCleanNumber(snum) {\n\t\tif (snum.length > 1 && snum.substr(0, 1) == '0') {\n\t\t\treturn parseInt(snum.substr(1));\n\t\t}\n\t\treturn parseInt(snum);\n\t}\n\tfunction vrcFormatTime(h, m) {\n\t\tvar time_format = 'H:i';\n\t\tvar time_ftfour = (time_format == 'H:i');\n\t\tvar time_ampm = '';\n\t\tif (!time_ftfour) {\n\t\t\tif (h >= 12 && h < 24) {\n\t\t\t\ttime_ampm = ' PM';\n\t\t\t\tif (h > 12) {\n\t\t\t\t\th -= 12;\n\t\t\t\t}\n\t\t\t} else {\n\t\t\t\ttime_ampm = ' AM';\n\t\t\t}\n\t\t}\n\t\treturn (h < 10 ? ('0' + h) : h) + ':' + ((m < 10 ? ('0' + m) : m)) + time_ampm;\n\t}\n\tfunction vrcValidateSearch() {\n\t\tif (typeof jQuery === 'undefined' || typeof vrc_wopening_pick === 'undefined') {\n\t\t\treturn true;\n\t\t}\n\t\tif (vrc_mopening_pick !== null) {\n\t\t\t\/\/ pickup time\n\t\t\tvar pickh = jQuery('#vrccomselph').find('select').val();\n\t\t\tvar pickm = jQuery('#vrccomselpm').find('select').val();\n\t\t\tif (!pickh || !pickh.length || !pickm) {\n\t\t\t\treturn true;\n\t\t\t}\n\t\t\tpickh = vrcCleanNumber(pickh);\n\t\t\tpickm = vrcCleanNumber(pickm);\n\t\t\tif (pickh == vrc_mopening_pick[0]) {\n\t\t\t\tif (pickm < vrc_mopening_pick[1]) {\n\t\t\t\t\t\/\/ location is still closed at this time\n\t\t\t\t\tjQuery('#vrccomselpm').find('select').html('<option value=\"'+vrc_mopening_pick[1]+'\">'+(vrc_mopening_pick[1] < 10 ? '0'+vrc_mopening_pick[1] : vrc_mopening_pick[1])+'<\/option>').val(vrc_mopening_pick[1]);\n\t\t\t\t\talert(Joomla.JText._('VRC_LOC_WILL_OPEN_TIME').replace('%s', vrcFormatTime(vrc_mopening_pick[0], vrc_mopening_pick[1])));\n\t\t\t\t\t\/\/ do not return false as we are overwriting the pickup time\n\t\t\t\t\t\/\/ return false;\n\t\t\t\t}\n\t\t\t}\n\t\t\tif (pickh == vrc_mopening_pick[2]) {\n\t\t\t\tif (pickm > vrc_mopening_pick[3]) {\n\t\t\t\t\t\/\/ location is already closed at this time for a pick up\n\t\t\t\t\tjQuery('#vrccomselpm').find('select').html('<option value=\"'+vrc_mopening_pick[3]+'\">'+(vrc_mopening_pick[3] < 10 ? '0'+vrc_mopening_pick[3] : vrc_mopening_pick[3])+'<\/option>').val(vrc_mopening_pick[3]);\n\t\t\t\t\talert(Joomla.JText._('VRC_LOC_WILL_CLOSE_TIME').replace('%s', vrcFormatTime(vrc_mopening_pick[2], vrc_mopening_pick[3])));\n\t\t\t\t\t\/\/ do not return false as we are overwriting the pickup time\n\t\t\t\t\t\/\/ return false;\n\t\t\t\t}\n\t\t\t}\n\t\t\t\/\/ check for breaks\n\t\t\tif (vrc_mopening_pick[4] && vrc_mopening_pick[4].length) {\n\t\t\t\tfor (var b = 0; b < vrc_mopening_pick[4].length; b++) {\n\t\t\t\t\tif (!vrc_mopening_pick[4][b].hasOwnProperty('fh')) {\n\t\t\t\t\t\tcontinue;\n\t\t\t\t\t}\n\t\t\t\t\tvar break_mess = Joomla.JText._('VRC_PICKLOC_IS_ON_BREAK_TIME_FROM_TO')\n\t\t\t\t\t\t.replace('%s', vrcFormatTime(vrc_mopening_pick[4][b]['fh'], vrc_mopening_pick[4][b]['fm']))\n\t\t\t\t\t\t.replace('%s', vrcFormatTime(vrc_mopening_pick[4][b]['th'], vrc_mopening_pick[4][b]['tm']));\n\t\t\t\t\tvar break_from_secs = (vrc_mopening_pick[4][b]['fh'] * 3600) + (vrc_mopening_pick[4][b]['fm'] * 60);\n\t\t\t\t\tvar break_to_secs = (vrc_mopening_pick[4][b]['th'] * 3600) + (vrc_mopening_pick[4][b]['tm'] * 60);\n\t\t\t\t\tvar pick_secs = (pickh * 3600) + (pickm * 60);\n\t\t\t\t\tif (pick_secs > break_from_secs && pick_secs < break_to_secs) {\n\t\t\t\t\t\t\/\/ the location is on break at this time\n\t\t\t\t\t\talert(break_mess);\n\t\t\t\t\t\treturn false;\n\t\t\t\t\t} else if (vrc_mopening_pick[4][b]['fh'] > vrc_mopening_pick[4][b]['th'] && pick_secs < break_from_secs && pick_secs < break_to_secs) {\n\t\t\t\t\t\t\/\/ overnight break, with time after midnight\n\t\t\t\t\t\talert(break_mess);\n\t\t\t\t\t\treturn false;\n\t\t\t\t\t} else if (vrc_mopening_pick[4][b]['fh'] > vrc_mopening_pick[4][b]['th'] && pick_secs > break_from_secs && pick_secs > break_to_secs) {\n\t\t\t\t\t\t\/\/ overnight break, with time before midnight\n\t\t\t\t\t\talert(break_mess);\n\t\t\t\t\t\treturn false;\n\t\t\t\t\t}\n\t\t\t\t}\n\t\t\t}\n\t\t}\n\n\t\tif (vrc_mopening_drop !== null) {\n\t\t\t\/\/ dropoff time\n\t\t\tvar droph = jQuery('#vrccomseldh').find('select').val();\n\t\t\tvar dropm = jQuery('#vrccomseldm').find('select').val();\n\t\t\tif (!droph || !droph.length || !dropm) {\n\t\t\t\treturn true;\n\t\t\t}\n\t\t\tdroph = vrcCleanNumber(droph);\n\t\t\tdropm = vrcCleanNumber(dropm);\n\t\t\tif (droph == vrc_mopening_drop[0]) {\n\t\t\t\tif (dropm > vrc_mopening_drop[1]) {\n\t\t\t\t\t\/\/ location is already closed at this time\n\t\t\t\t\tjQuery('#vrccomseldm').find('select').html('<option value=\"'+vrc_mopening_drop[1]+'\">'+(vrc_mopening_drop[1] < 10 ? '0'+vrc_mopening_drop[1] : vrc_mopening_drop[1])+'<\/option>').val(vrc_mopening_drop[1]);\n\t\t\t\t\talert(Joomla.JText._('VRC_LOC_WILL_CLOSE_TIME').replace('%s', vrcFormatTime(vrc_mopening_drop[0], vrc_mopening_drop[1])));\n\t\t\t\t\t\/\/ do not return false as we are overwriting the drop off time\n\t\t\t\t\t\/\/ return false;\n\t\t\t\t}\n\t\t\t}\n\t\t\tif (droph == vrc_mopening_drop[2]) {\n\t\t\t\tif (dropm < vrc_mopening_drop[3]) {\n\t\t\t\t\t\/\/ location is still closed at this time for a drop off\n\t\t\t\t\tjQuery('#vrccomseldm').find('select').html('<option value=\"'+vrc_mopening_drop[3]+'\">'+(vrc_mopening_drop[3] < 10 ? '0'+vrc_mopening_drop[3] : vrc_mopening_drop[3])+'<\/option>').val(vrc_mopening_drop[3]);\n\t\t\t\t\talert(Joomla.JText._('VRC_LOC_WILL_OPEN_TIME').replace('%s', vrcFormatTime(vrc_mopening_drop[2], vrc_mopening_drop[3])));\n\t\t\t\t\t\/\/ do not return false as we are overwriting the drop off time\n\t\t\t\t\t\/\/ return false;\n\t\t\t\t}\n\t\t\t}\n\t\t\t\/\/ check for breaks\n\t\t\tif (vrc_mopening_drop[4] && vrc_mopening_drop[4].length) {\n\t\t\t\tfor (var b = 0; b < vrc_mopening_drop[4].length; b++) {\n\t\t\t\t\tif (!vrc_mopening_drop[4][b].hasOwnProperty('fh')) {\n\t\t\t\t\t\tcontinue;\n\t\t\t\t\t}\n\t\t\t\t\tvar break_mess = Joomla.JText._('VRC_DROPLOC_IS_ON_BREAK_TIME_FROM_TO')\n\t\t\t\t\t\t.replace('%s', vrcFormatTime(vrc_mopening_drop[4][b]['fh'], vrc_mopening_drop[4][b]['fm']))\n\t\t\t\t\t\t.replace('%s', vrcFormatTime(vrc_mopening_drop[4][b]['th'], vrc_mopening_drop[4][b]['tm']));\n\t\t\t\t\tvar break_from_secs = (vrc_mopening_drop[4][b]['fh'] * 3600) + (vrc_mopening_drop[4][b]['fm'] * 60);\n\t\t\t\t\tvar break_to_secs = (vrc_mopening_drop[4][b]['th'] * 3600) + (vrc_mopening_drop[4][b]['tm'] * 60);\n\t\t\t\t\tvar drop_secs = (droph * 3600) + (dropm * 60);\n\t\t\t\t\tif (drop_secs > break_from_secs && drop_secs < break_to_secs) {\n\t\t\t\t\t\t\/\/ the location is on break at this time\n\t\t\t\t\t\talert(break_mess);\n\t\t\t\t\t\treturn false;\n\t\t\t\t\t} else if (vrc_mopening_drop[4][b]['fh'] > vrc_mopening_drop[4][b]['th'] && drop_secs < break_from_secs && drop_secs < break_to_secs) {\n\t\t\t\t\t\t\/\/ overnight break, with time after midnight\n\t\t\t\t\t\talert(break_mess);\n\t\t\t\t\t\treturn false;\n\t\t\t\t\t} else if (vrc_mopening_drop[4][b]['fh'] > vrc_mopening_drop[4][b]['th'] && drop_secs > break_from_secs && drop_secs > break_to_secs) {\n\t\t\t\t\t\t\/\/ overnight break, with time before midnight\n\t\t\t\t\t\talert(break_mess);\n\t\t\t\t\t\treturn false;\n\t\t\t\t\t}\n\t\t\t\t}\n\t\t\t}\n\t\t}\n\n\t\treturn true;\n\t}\n\t<\/script>\n\t\n<\/div>","protected":false},"excerpt":{"rendered":"<p>Bienvenue chez AUTOMAX, location de voitures \u00e0 Saint-Martin. Veuillez utiliser le code promo \"SUMMER10\" afin de b\u00e9n\u00e9ficier un tarif pr\u00e9f\u00e9rentiel en passant par notre site internet. Veuillez noter pour les locations de + de 3 semaines, il faudra nous contacter de pr\u00e9f\u00e9rence via le formulaire pour obtenir un tarif sp\u00e9cial!<\/p>","protected":false},"author":1,"featured_media":2278,"parent":0,"menu_order":0,"comment_status":"closed","ping_status":"closed","template":"","meta":{"footnotes":""},"class_list":["post-3150","page","type-page","status-publish","has-post-thumbnail","hentry"],"_links":{"self":[{"href":"https:\/\/www.rentautomax.com\/en\/wp-json\/wp\/v2\/pages\/3150","targetHints":{"allow":["GET"]}}],"collection":[{"href":"https:\/\/www.rentautomax.com\/en\/wp-json\/wp\/v2\/pages"}],"about":[{"href":"https:\/\/www.rentautomax.com\/en\/wp-json\/wp\/v2\/types\/page"}],"author":[{"embeddable":true,"href":"https:\/\/www.rentautomax.com\/en\/wp-json\/wp\/v2\/users\/1"}],"replies":[{"embeddable":true,"href":"https:\/\/www.rentautomax.com\/en\/wp-json\/wp\/v2\/comments?post=3150"}],"version-history":[{"count":29,"href":"https:\/\/www.rentautomax.com\/en\/wp-json\/wp\/v2\/pages\/3150\/revisions"}],"predecessor-version":[{"id":4216,"href":"https:\/\/www.rentautomax.com\/en\/wp-json\/wp\/v2\/pages\/3150\/revisions\/4216"}],"wp:featuredmedia":[{"embeddable":true,"href":"https:\/\/www.rentautomax.com\/en\/wp-json\/wp\/v2\/media\/2278"}],"wp:attachment":[{"href":"https:\/\/www.rentautomax.com\/en\/wp-json\/wp\/v2\/media?parent=3150"}],"curies":[{"name":"wp","href":"https:\/\/api.w.org\/{rel}","templated":true}]}}