{"id":2532,"date":"2023-01-27T15:30:44","date_gmt":"2023-01-27T15:30:44","guid":{"rendered":"https:\/\/www.automax-location.com\/?page_id=2532"},"modified":"2023-01-27T16:22:28","modified_gmt":"2023-01-27T16:22:28","slug":"validation","status":"publish","type":"page","link":"https:\/\/www.rentautomax.com\/en\/validation\/","title":{"rendered":"Validation"},"content":{"rendered":"<div data-elementor-type=\"wp-page\" data-elementor-id=\"2532\" class=\"elementor elementor-2532\">\n\t\t\t\t\t\t<div class=\"elementor-inner\">\n\t\t\t\t<div class=\"elementor-section-wrap\">\n\t\t\t\t\t\t\t\t\t<section class=\"elementor-section elementor-top-section elementor-element elementor-element-f79f53b elementor-section-boxed elementor-section-height-default elementor-section-height-default\" data-id=\"f79f53b\" data-element_type=\"section\">\n\t\t\t\t\t\t<div class=\"elementor-container elementor-column-gap-default\">\n\t\t\t\t\t\t\t<div class=\"elementor-row\">\n\t\t\t\t\t<div class=\"elementor-column elementor-col-100 elementor-top-column elementor-element elementor-element-bb6fdac\" data-id=\"bb6fdac\" data-element_type=\"column\">\n\t\t\t<div class=\"elementor-column-wrap\">\n\t\t\t\t\t\t\t<div class=\"elementor-widget-wrap\">\n\t\t\t\t\t\t\t\t<\/div>\n\t\t\t\t\t<\/div>\n\t\t<\/div>\n\t\t\t\t\t\t\t\t<\/div>\n\t\t\t\t\t<\/div>\n\t\t<\/section>\n\t\t\t\t\t\t\t\t\t<\/div>\n\t\t\t<\/div>\n\t\t\t\t\t<\/div>","protected":false},"excerpt":{"rendered":"<p>\u00d7 All fields required! Choisissez votre voitureKia SportageKia CarnivalSuzuki DzireKia PicantoKia RioJeep Wrangler D\u00e9part A\u00e9roport de Juliana (C\u00f4t\u00e9 Hollandais)A\u00e9roport de Grand case (C\u00f4t\u00e9 Fran\u00e7ais)Port de MarigotPort de PhilipsburgAutre Retour A\u00e9roport de Juliana (C\u00f4t\u00e9 Hollandais)A\u00e9roport de Grand Case (C\u00f4t\u00e9 Fran\u00e7ais)Port de MarigotPort de PhilipsburgAutre D\u00e9part 12:00 AM12:30 AM01:00 AM01:30 AM02:00 AM02:30 AM03:00 AM03:30 AM04:00 AM04:30 AM05:00 &hellip; <\/p>\n<p class=\"link-more\"><a href=\"https:\/\/www.rentautomax.com\/en\/validation\/\" class=\"more-link\"><span class=\"screen-reader-text\"> prova \"Validation\"<\/span><\/a><\/p>","protected":false},"author":1,"featured_media":0,"parent":0,"menu_order":0,"comment_status":"closed","ping_status":"closed","template":"","meta":{"footnotes":""},"class_list":["post-2532","page","type-page","status-publish","hentry"],"_links":{"self":[{"href":"https:\/\/www.rentautomax.com\/en\/wp-json\/wp\/v2\/pages\/2532","targetHints":{"allow":["GET"]}}],"collection":[{"href":"https:\/\/www.rentautomax.com\/en\/wp-json\/wp\/v2\/pages"}],"about":[{"href":"https:\/\/www.rentautomax.com\/en\/wp-json\/wp\/v2\/types\/page"}],"author":[{"embeddable":true,"href":"https:\/\/www.rentautomax.com\/en\/wp-json\/wp\/v2\/users\/1"}],"replies":[{"embeddable":true,"href":"https:\/\/www.rentautomax.com\/en\/wp-json\/wp\/v2\/comments?post=2532"}],"version-history":[{"count":19,"href":"https:\/\/www.rentautomax.com\/en\/wp-json\/wp\/v2\/pages\/2532\/revisions"}],"predecessor-version":[{"id":2554,"href":"https:\/\/www.rentautomax.com\/en\/wp-json\/wp\/v2\/pages\/2532\/revisions\/2554"}],"wp:attachment":[{"href":"https:\/\/www.rentautomax.com\/en\/wp-json\/wp\/v2\/media?parent=2532"}],"curies":[{"name":"wp","href":"https:\/\/api.w.org\/{rel}","templated":true}]}}