{"id":2205,"date":"2023-01-24T22:10:33","date_gmt":"2023-01-24T22:10:33","guid":{"rendered":"https:\/\/www.automax-location.com\/?page_id=2205"},"modified":"2023-03-14T20:11:56","modified_gmt":"2023-03-14T20:11:56","slug":"conditions-de-reservation-2","status":"publish","type":"page","link":"https:\/\/www.rentautomax.com\/en\/conditions-de-reservation-2\/","title":{"rendered":"Conditions de r\u00e9servation"},"content":{"rendered":"<div data-elementor-type=\"wp-page\" data-elementor-id=\"2205\" class=\"elementor elementor-2205\">\n\t\t\t\t\t\t<div class=\"elementor-inner\">\n\t\t\t\t<div class=\"elementor-section-wrap\">\n\t\t\t\t\t\t\t\t\t<section class=\"elementor-section elementor-top-section elementor-element elementor-element-a7b208e elementor-section-boxed elementor-section-height-default elementor-section-height-default\" data-id=\"a7b208e\" data-element_type=\"section\">\n\t\t\t\t\t\t<div class=\"elementor-container elementor-column-gap-default\">\n\t\t\t\t\t\t\t<div class=\"elementor-row\">\n\t\t\t\t\t<div class=\"elementor-column elementor-col-100 elementor-top-column elementor-element elementor-element-d81ab88\" data-id=\"d81ab88\" data-element_type=\"column\">\n\t\t\t<div class=\"elementor-column-wrap elementor-element-populated\">\n\t\t\t\t\t\t\t<div class=\"elementor-widget-wrap\">\n\t\t\t\t\t\t<div class=\"elementor-element elementor-element-4277f7b elementor-widget elementor-widget-text-editor\" data-id=\"4277f7b\" data-element_type=\"widget\" data-widget_type=\"text-editor.default\">\n\t\t\t\t<div class=\"elementor-widget-container\">\n\t\t\t\t\t\t\t\t<div class=\"elementor-text-editor elementor-clearfix\">\n\t\t\t\t<p>Conditions de r\u00e9servation<\/p><p>Annulation plus de 7 jours avant la date pr\u00e9vue de livraison sans frais. En cas d'annulation moins de 7 jours avant la date prevue de livraison, 3 jours de location seront factur\u00e9s. Les annulations doivent \u00eatre transmises par courrier \u00e9lectronique (email\/courriel).<\/p><p>Nous nous r\u00e9servons le droit d'annuler toute r\u00e9servation.<br \/>Si nous n\u2019avons pas re\u00e7u d\u2019annulation par email le jour pr\u00e9vu de livraison et que personne ne prend possession du v\u00e9hicule r\u00e9serv\u00e9, le montant total de la location sera pr\u00e9lev\u00e9 par V.A.E<\/p>\t\t\t\t\t<\/div>\n\t\t\t\t\t\t<\/div>\n\t\t\t\t<\/div>\n\t\t\t\t\t\t<\/div>\n\t\t\t\t\t<\/div>\n\t\t<\/div>\n\t\t\t\t\t\t\t\t<\/div>\n\t\t\t\t\t<\/div>\n\t\t<\/section>\n\t\t\t\t\t\t\t\t\t<\/div>\n\t\t\t<\/div>\n\t\t\t\t\t<\/div>","protected":false},"excerpt":{"rendered":"<p>Conditions de r\u00e9servation Annulation plus de 7 jours avant la date pr\u00e9vue de livraison sans frais. En cas d'annulation moins de 7 jours avant la date prevue de livraison, 3 jours de location seront factur\u00e9s. Les annulations doivent \u00eatre transmises par courrier \u00e9lectronique (email\/courriel). Nous nous r\u00e9servons le droit d'annuler toute r\u00e9servation.Si nous n\u2019avons pas &hellip; <\/p>\n<p class=\"link-more\"><a href=\"https:\/\/www.rentautomax.com\/en\/conditions-de-reservation-2\/\" class=\"more-link\"><span class=\"screen-reader-text\"> prova \"Conditions de r\u00e9servation\"<\/span><\/a><\/p>","protected":false},"author":1,"featured_media":0,"parent":0,"menu_order":0,"comment_status":"closed","ping_status":"closed","template":"","meta":{"footnotes":""},"class_list":["post-2205","page","type-page","status-publish","hentry"],"_links":{"self":[{"href":"https:\/\/www.rentautomax.com\/en\/wp-json\/wp\/v2\/pages\/2205","targetHints":{"allow":["GET"]}}],"collection":[{"href":"https:\/\/www.rentautomax.com\/en\/wp-json\/wp\/v2\/pages"}],"about":[{"href":"https:\/\/www.rentautomax.com\/en\/wp-json\/wp\/v2\/types\/page"}],"author":[{"embeddable":true,"href":"https:\/\/www.rentautomax.com\/en\/wp-json\/wp\/v2\/users\/1"}],"replies":[{"embeddable":true,"href":"https:\/\/www.rentautomax.com\/en\/wp-json\/wp\/v2\/comments?post=2205"}],"version-history":[{"count":7,"href":"https:\/\/www.rentautomax.com\/en\/wp-json\/wp\/v2\/pages\/2205\/revisions"}],"predecessor-version":[{"id":3870,"href":"https:\/\/www.rentautomax.com\/en\/wp-json\/wp\/v2\/pages\/2205\/revisions\/3870"}],"wp:attachment":[{"href":"https:\/\/www.rentautomax.com\/en\/wp-json\/wp\/v2\/media?parent=2205"}],"curies":[{"name":"wp","href":"https:\/\/api.w.org\/{rel}","templated":true}]}}